{"id":2242,"date":"2021-10-25T11:40:43","date_gmt":"2021-10-25T11:40:43","guid":{"rendered":"https:\/\/wp.themedemo.org\/WCM07\/WCM070151\/?page_id=2242"},"modified":"2024-04-10T17:26:55","modified_gmt":"2024-04-10T17:26:55","slug":"ueber-uns","status":"publish","type":"page","link":"https:\/\/ff-vitis.at\/index.php\/ueber-uns\/","title":{"rendered":"Fuhrpark"},"content":{"rendered":"\t\t<div data-elementor-type=\"wp-page\" data-elementor-id=\"2242\" class=\"elementor elementor-2242\">\n\t\t\t\t\t\t<section class=\"elementor-section elementor-top-section elementor-element elementor-element-ddff700 elementor-section-boxed elementor-section-height-default elementor-section-height-default\" data-id=\"ddff700\" data-element_type=\"section\">\n\t\t\t\t\t\t<div class=\"elementor-container elementor-column-gap-default\">\n\t\t\t\t\t<div class=\"elementor-column elementor-col-100 elementor-top-column elementor-element elementor-element-651fbd2\" data-id=\"651fbd2\" data-element_type=\"column\">\n\t\t\t<div class=\"elementor-widget-wrap elementor-element-populated\">\n\t\t\t\t\t\t<div class=\"elementor-element elementor-element-d1f7b41 elementor-widget elementor-widget-image\" data-id=\"d1f7b41\" data-element_type=\"widget\" data-widget_type=\"image.default\">\n\t\t\t\t<div class=\"elementor-widget-container\">\n\t\t\t\t\t\t\t\t\t\t\t\t\t\t\t<img fetchpriority=\"high\" decoding=\"async\" width=\"1024\" height=\"576\" src=\"https:\/\/ff-vitis.at\/wp-content\/uploads\/2024\/04\/281720278_5479943668718306_5535288963332955610_n-1024x576.jpg\" class=\"attachment-large size-large wp-image-11278\" alt=\"\" srcset=\"https:\/\/ff-vitis.at\/wp-content\/uploads\/2024\/04\/281720278_5479943668718306_5535288963332955610_n-1024x576.jpg 1024w, https:\/\/ff-vitis.at\/wp-content\/uploads\/2024\/04\/281720278_5479943668718306_5535288963332955610_n-300x169.jpg 300w, https:\/\/ff-vitis.at\/wp-content\/uploads\/2024\/04\/281720278_5479943668718306_5535288963332955610_n-768x432.jpg 768w, https:\/\/ff-vitis.at\/wp-content\/uploads\/2024\/04\/281720278_5479943668718306_5535288963332955610_n-1536x864.jpg 1536w, https:\/\/ff-vitis.at\/wp-content\/uploads\/2024\/04\/281720278_5479943668718306_5535288963332955610_n.jpg 2048w\" sizes=\"(max-width: 1024px) 100vw, 1024px\" \/>\t\t\t\t\t\t\t\t\t\t\t\t\t\t\t<\/div>\n\t\t\t\t<\/div>\n\t\t\t\t\t<\/div>\n\t\t<\/div>\n\t\t\t\t\t<\/div>\n\t\t<\/section>\n\t\t\t\t<section class=\"elementor-section elementor-top-section elementor-element elementor-element-db67035 elementor-section-boxed elementor-section-height-default elementor-section-height-default\" data-id=\"db67035\" data-element_type=\"section\">\n\t\t\t\t\t\t<div class=\"elementor-container elementor-column-gap-default\">\n\t\t\t\t\t<div class=\"elementor-column elementor-col-100 elementor-top-column elementor-element elementor-element-73fd369\" data-id=\"73fd369\" data-element_type=\"column\">\n\t\t\t<div class=\"elementor-widget-wrap elementor-element-populated\">\n\t\t\t\t\t\t<div class=\"elementor-element elementor-element-e27f350 elementor-widget elementor-widget-text-editor\" data-id=\"e27f350\" data-element_type=\"widget\" data-widget_type=\"text-editor.default\">\n\t\t\t\t<div class=\"elementor-widget-container\">\n\t\t\t\t\t\t\t\t\t<p style=\"text-align: center;\"><strong>VF-K (Versorgungsfahrzeug mit Kran)<\/strong><\/p><p style=\"text-align: center;\">Scania P360 mit Funkferngesteuertem Hiab Kran<\/p>\t\t\t\t\t\t\t\t<\/div>\n\t\t\t\t<\/div>\n\t\t\t\t\t<\/div>\n\t\t<\/div>\n\t\t\t\t\t<\/div>\n\t\t<\/section>\n\t\t\t\t<section class=\"elementor-section elementor-top-section elementor-element elementor-element-d529392 elementor-section-boxed elementor-section-height-default elementor-section-height-default\" data-id=\"d529392\" data-element_type=\"section\">\n\t\t\t\t\t\t<div class=\"elementor-container elementor-column-gap-default\">\n\t\t\t\t\t<div class=\"elementor-column elementor-col-100 elementor-top-column elementor-element elementor-element-c222db8\" data-id=\"c222db8\" data-element_type=\"column\">\n\t\t\t<div class=\"elementor-widget-wrap elementor-element-populated\">\n\t\t\t\t\t\t<div class=\"elementor-element elementor-element-eab9d41 elementor-widget elementor-widget-image\" data-id=\"eab9d41\" data-element_type=\"widget\" data-widget_type=\"image.default\">\n\t\t\t\t<div class=\"elementor-widget-container\">\n\t\t\t\t\t\t\t\t\t\t\t\t\t\t\t<img decoding=\"async\" width=\"768\" height=\"576\" src=\"https:\/\/ff-vitis.at\/wp-content\/uploads\/2024\/04\/ST830777-768x576.jpg\" class=\"attachment-medium_large size-medium_large wp-image-11293\" alt=\"\" srcset=\"https:\/\/ff-vitis.at\/wp-content\/uploads\/2024\/04\/ST830777-768x576.jpg 768w, https:\/\/ff-vitis.at\/wp-content\/uploads\/2024\/04\/ST830777-300x225.jpg 300w, https:\/\/ff-vitis.at\/wp-content\/uploads\/2024\/04\/ST830777-1024x768.jpg 1024w, https:\/\/ff-vitis.at\/wp-content\/uploads\/2024\/04\/ST830777-1536x1152.jpg 1536w, https:\/\/ff-vitis.at\/wp-content\/uploads\/2024\/04\/ST830777-2048x1536.jpg 2048w\" sizes=\"(max-width: 768px) 100vw, 768px\" \/>\t\t\t\t\t\t\t\t\t\t\t\t\t\t\t<\/div>\n\t\t\t\t<\/div>\n\t\t\t\t\t<\/div>\n\t\t<\/div>\n\t\t\t\t\t<\/div>\n\t\t<\/section>\n\t\t\t\t<section class=\"elementor-section elementor-top-section elementor-element elementor-element-0758d9a elementor-section-boxed elementor-section-height-default elementor-section-height-default\" data-id=\"0758d9a\" data-element_type=\"section\">\n\t\t\t\t\t\t<div class=\"elementor-container elementor-column-gap-default\">\n\t\t\t\t\t<div class=\"elementor-column elementor-col-100 elementor-top-column elementor-element elementor-element-c4b4796\" data-id=\"c4b4796\" data-element_type=\"column\">\n\t\t\t<div class=\"elementor-widget-wrap elementor-element-populated\">\n\t\t\t\t\t\t<div class=\"elementor-element elementor-element-043f725 elementor-widget elementor-widget-text-editor\" data-id=\"043f725\" data-element_type=\"widget\" data-widget_type=\"text-editor.default\">\n\t\t\t\t<div class=\"elementor-widget-container\">\n\t\t\t\t\t\t\t\t\t<p style=\"text-align: center;\"><strong>RLFA 2000 (R\u00fcstl\u00f6schfahrzeug mit Allradantrieb und 2000L Wassertank)<\/strong><\/p><p style=\"text-align: center;\">Scania 114c<\/p>\t\t\t\t\t\t\t\t<\/div>\n\t\t\t\t<\/div>\n\t\t\t\t\t<\/div>\n\t\t<\/div>\n\t\t\t\t\t<\/div>\n\t\t<\/section>\n\t\t\t\t<section class=\"elementor-section elementor-top-section elementor-element elementor-element-ef418bd elementor-section-boxed elementor-section-height-default elementor-section-height-default\" data-id=\"ef418bd\" data-element_type=\"section\">\n\t\t\t\t\t\t<div class=\"elementor-container elementor-column-gap-default\">\n\t\t\t\t\t<div class=\"elementor-column elementor-col-100 elementor-top-column elementor-element elementor-element-52ef363\" data-id=\"52ef363\" data-element_type=\"column\">\n\t\t\t<div class=\"elementor-widget-wrap elementor-element-populated\">\n\t\t\t\t\t\t<div class=\"elementor-element elementor-element-3fb3737 elementor-widget elementor-widget-image\" data-id=\"3fb3737\" data-element_type=\"widget\" data-widget_type=\"image.default\">\n\t\t\t\t<div class=\"elementor-widget-container\">\n\t\t\t\t\t\t\t\t\t\t\t\t\t\t\t<img decoding=\"async\" width=\"768\" height=\"576\" src=\"https:\/\/ff-vitis.at\/wp-content\/uploads\/2024\/04\/ST830749-768x576.jpg\" class=\"attachment-medium_large size-medium_large wp-image-11290\" alt=\"\" srcset=\"https:\/\/ff-vitis.at\/wp-content\/uploads\/2024\/04\/ST830749-768x576.jpg 768w, https:\/\/ff-vitis.at\/wp-content\/uploads\/2024\/04\/ST830749-300x225.jpg 300w, https:\/\/ff-vitis.at\/wp-content\/uploads\/2024\/04\/ST830749-1024x768.jpg 1024w, https:\/\/ff-vitis.at\/wp-content\/uploads\/2024\/04\/ST830749-1536x1152.jpg 1536w, https:\/\/ff-vitis.at\/wp-content\/uploads\/2024\/04\/ST830749-2048x1536.jpg 2048w\" sizes=\"(max-width: 768px) 100vw, 768px\" \/>\t\t\t\t\t\t\t\t\t\t\t\t\t\t\t<\/div>\n\t\t\t\t<\/div>\n\t\t\t\t\t<\/div>\n\t\t<\/div>\n\t\t\t\t\t<\/div>\n\t\t<\/section>\n\t\t\t\t<section class=\"elementor-section elementor-top-section elementor-element elementor-element-5139bd6 elementor-section-boxed elementor-section-height-default elementor-section-height-default\" data-id=\"5139bd6\" data-element_type=\"section\">\n\t\t\t\t\t\t<div class=\"elementor-container elementor-column-gap-default\">\n\t\t\t\t\t<div class=\"elementor-column elementor-col-100 elementor-top-column elementor-element elementor-element-7ff2ccd\" data-id=\"7ff2ccd\" data-element_type=\"column\">\n\t\t\t<div class=\"elementor-widget-wrap elementor-element-populated\">\n\t\t\t\t\t\t<div class=\"elementor-element elementor-element-dfc87df elementor-widget elementor-widget-text-editor\" data-id=\"dfc87df\" data-element_type=\"widget\" data-widget_type=\"text-editor.default\">\n\t\t\t\t<div class=\"elementor-widget-container\">\n\t\t\t\t\t\t\t\t\t<p style=\"text-align: center;\"><strong>TLFA 2000 (Tankl\u00f6schfahrzeug mit Allradantrieb und 2000L Wassertank)<\/strong><\/p><p style=\"text-align: center;\">Mercedes 911<\/p>\t\t\t\t\t\t\t\t<\/div>\n\t\t\t\t<\/div>\n\t\t\t\t\t<\/div>\n\t\t<\/div>\n\t\t\t\t\t<\/div>\n\t\t<\/section>\n\t\t\t\t<section class=\"elementor-section elementor-top-section elementor-element elementor-element-b17d594 elementor-section-boxed elementor-section-height-default elementor-section-height-default\" data-id=\"b17d594\" data-element_type=\"section\">\n\t\t\t\t\t\t<div class=\"elementor-container elementor-column-gap-default\">\n\t\t\t\t\t<div class=\"elementor-column elementor-col-100 elementor-top-column elementor-element elementor-element-2ad9f93\" data-id=\"2ad9f93\" data-element_type=\"column\">\n\t\t\t<div class=\"elementor-widget-wrap elementor-element-populated\">\n\t\t\t\t\t\t<div class=\"elementor-element elementor-element-28ecfef elementor-widget elementor-widget-image\" data-id=\"28ecfef\" data-element_type=\"widget\" data-widget_type=\"image.default\">\n\t\t\t\t<div class=\"elementor-widget-container\">\n\t\t\t\t\t\t\t\t\t\t\t\t\t\t\t<img loading=\"lazy\" decoding=\"async\" width=\"768\" height=\"576\" src=\"https:\/\/ff-vitis.at\/wp-content\/uploads\/2024\/04\/ST830760-768x576.jpg\" class=\"attachment-medium_large size-medium_large wp-image-11291\" alt=\"\" srcset=\"https:\/\/ff-vitis.at\/wp-content\/uploads\/2024\/04\/ST830760-768x576.jpg 768w, https:\/\/ff-vitis.at\/wp-content\/uploads\/2024\/04\/ST830760-300x225.jpg 300w, https:\/\/ff-vitis.at\/wp-content\/uploads\/2024\/04\/ST830760-1024x768.jpg 1024w, https:\/\/ff-vitis.at\/wp-content\/uploads\/2024\/04\/ST830760-1536x1152.jpg 1536w, https:\/\/ff-vitis.at\/wp-content\/uploads\/2024\/04\/ST830760-2048x1536.jpg 2048w\" sizes=\"(max-width: 768px) 100vw, 768px\" \/>\t\t\t\t\t\t\t\t\t\t\t\t\t\t\t<\/div>\n\t\t\t\t<\/div>\n\t\t\t\t\t<\/div>\n\t\t<\/div>\n\t\t\t\t\t<\/div>\n\t\t<\/section>\n\t\t\t\t<section class=\"elementor-section elementor-top-section elementor-element elementor-element-6c8362b elementor-section-boxed elementor-section-height-default elementor-section-height-default\" data-id=\"6c8362b\" data-element_type=\"section\">\n\t\t\t\t\t\t<div class=\"elementor-container elementor-column-gap-default\">\n\t\t\t\t\t<div class=\"elementor-column elementor-col-100 elementor-top-column elementor-element elementor-element-520cc86\" data-id=\"520cc86\" data-element_type=\"column\">\n\t\t\t<div class=\"elementor-widget-wrap elementor-element-populated\">\n\t\t\t\t\t\t<div class=\"elementor-element elementor-element-587015b elementor-widget elementor-widget-text-editor\" data-id=\"587015b\" data-element_type=\"widget\" data-widget_type=\"text-editor.default\">\n\t\t\t\t<div class=\"elementor-widget-container\">\n\t\t\t\t\t\t\t\t\t<p style=\"text-align: center;\"><strong>LFA (L\u00f6schfahrzeug mit Allradantrieb)<\/strong><\/p><p style=\"text-align: center;\">Mercedes Sprinter 416 CDI<\/p>\t\t\t\t\t\t\t\t<\/div>\n\t\t\t\t<\/div>\n\t\t\t\t\t<\/div>\n\t\t<\/div>\n\t\t\t\t\t<\/div>\n\t\t<\/section>\n\t\t\t\t<section class=\"elementor-section elementor-top-section elementor-element elementor-element-a7ea7b2 elementor-section-boxed elementor-section-height-default elementor-section-height-default\" data-id=\"a7ea7b2\" data-element_type=\"section\">\n\t\t\t\t\t\t<div class=\"elementor-container elementor-column-gap-default\">\n\t\t\t\t\t<div class=\"elementor-column elementor-col-100 elementor-top-column elementor-element elementor-element-a88081f\" data-id=\"a88081f\" data-element_type=\"column\">\n\t\t\t<div class=\"elementor-widget-wrap elementor-element-populated\">\n\t\t\t\t\t\t<div class=\"elementor-element elementor-element-1659137 elementor-widget elementor-widget-image\" data-id=\"1659137\" data-element_type=\"widget\" data-widget_type=\"image.default\">\n\t\t\t\t<div class=\"elementor-widget-container\">\n\t\t\t\t\t\t\t\t\t\t\t\t\t\t\t<img loading=\"lazy\" decoding=\"async\" width=\"768\" height=\"576\" src=\"https:\/\/ff-vitis.at\/wp-content\/uploads\/2024\/04\/SAM_2405-768x576.jpg\" class=\"attachment-medium_large size-medium_large wp-image-11289\" alt=\"\" srcset=\"https:\/\/ff-vitis.at\/wp-content\/uploads\/2024\/04\/SAM_2405-768x576.jpg 768w, https:\/\/ff-vitis.at\/wp-content\/uploads\/2024\/04\/SAM_2405-300x225.jpg 300w, https:\/\/ff-vitis.at\/wp-content\/uploads\/2024\/04\/SAM_2405-1024x768.jpg 1024w, https:\/\/ff-vitis.at\/wp-content\/uploads\/2024\/04\/SAM_2405-1536x1152.jpg 1536w, https:\/\/ff-vitis.at\/wp-content\/uploads\/2024\/04\/SAM_2405-2048x1536.jpg 2048w\" sizes=\"(max-width: 768px) 100vw, 768px\" \/>\t\t\t\t\t\t\t\t\t\t\t\t\t\t\t<\/div>\n\t\t\t\t<\/div>\n\t\t\t\t\t<\/div>\n\t\t<\/div>\n\t\t\t\t\t<\/div>\n\t\t<\/section>\n\t\t\t\t<section class=\"elementor-section elementor-top-section elementor-element elementor-element-58cab12 elementor-section-boxed elementor-section-height-default elementor-section-height-default\" data-id=\"58cab12\" data-element_type=\"section\">\n\t\t\t\t\t\t<div class=\"elementor-container elementor-column-gap-default\">\n\t\t\t\t\t<div class=\"elementor-column elementor-col-100 elementor-top-column elementor-element elementor-element-313da78\" data-id=\"313da78\" data-element_type=\"column\">\n\t\t\t<div class=\"elementor-widget-wrap elementor-element-populated\">\n\t\t\t\t\t\t<div class=\"elementor-element elementor-element-997b7f4 elementor-widget elementor-widget-text-editor\" data-id=\"997b7f4\" data-element_type=\"widget\" data-widget_type=\"text-editor.default\">\n\t\t\t\t<div class=\"elementor-widget-container\">\n\t\t\t\t\t\t\t\t\t<p style=\"text-align: center;\"><strong>MTF (Mannschaftstransportfahrzeug)<\/strong><\/p><p style=\"text-align: center;\">Fiat Ducato<\/p>\t\t\t\t\t\t\t\t<\/div>\n\t\t\t\t<\/div>\n\t\t\t\t\t<\/div>\n\t\t<\/div>\n\t\t\t\t\t<\/div>\n\t\t<\/section>\n\t\t\t\t<\/div>\n\t\t","protected":false},"excerpt":{"rendered":"<p>VF-K (Versorgungsfahrzeug mit Kran) Scania P360 mit Funkferngesteuertem Hiab Kran RLFA 2000 (R\u00fcstl\u00f6schfahrzeug mit Allradantrieb und 2000L Wassertank) Scania 114c TLFA 2000 (Tankl\u00f6schfahrzeug mit Allradantrieb und 2000L Wassertank) Mercedes 911 LFA (L\u00f6schfahrzeug mit Allradantrieb) Mercedes Sprinter 416 CDI MTF (Mannschaftstransportfahrzeug) Fiat Ducato<\/p>\n","protected":false},"author":1,"featured_media":0,"parent":0,"menu_order":0,"comment_status":"closed","ping_status":"closed","template":"","meta":{"_tbt_post_transparent":"default","_tbt_post_title":"default","_tbt_post_layout":"default","_tbt_post_sidebar_id":"","_tbt_post_content_style":"default","_tbt_post_vertical_padding":"default","_tbt_post_feature":"","_tbt_post_feature_position":"","_tbt_post_header":false,"_tbt_post_footer":false},"class_list":["post-2242","page","type-page","status-publish","hentry"],"_links":{"self":[{"href":"https:\/\/ff-vitis.at\/index.php\/wp-json\/wp\/v2\/pages\/2242","targetHints":{"allow":["GET"]}}],"collection":[{"href":"https:\/\/ff-vitis.at\/index.php\/wp-json\/wp\/v2\/pages"}],"about":[{"href":"https:\/\/ff-vitis.at\/index.php\/wp-json\/wp\/v2\/types\/page"}],"author":[{"embeddable":true,"href":"https:\/\/ff-vitis.at\/index.php\/wp-json\/wp\/v2\/users\/1"}],"replies":[{"embeddable":true,"href":"https:\/\/ff-vitis.at\/index.php\/wp-json\/wp\/v2\/comments?post=2242"}],"version-history":[{"count":24,"href":"https:\/\/ff-vitis.at\/index.php\/wp-json\/wp\/v2\/pages\/2242\/revisions"}],"predecessor-version":[{"id":11365,"href":"https:\/\/ff-vitis.at\/index.php\/wp-json\/wp\/v2\/pages\/2242\/revisions\/11365"}],"wp:attachment":[{"href":"https:\/\/ff-vitis.at\/index.php\/wp-json\/wp\/v2\/media?parent=2242"}],"curies":[{"name":"wp","href":"https:\/\/api.w.org\/{rel}","templated":true}]}}