{"id":11212,"date":"2024-04-08T14:29:18","date_gmt":"2024-04-08T14:29:18","guid":{"rendered":"https:\/\/ff-vitis.at\/?page_id=11212"},"modified":"2024-04-08T16:31:46","modified_gmt":"2024-04-08T16:31:46","slug":"impressum","status":"publish","type":"page","link":"https:\/\/ff-vitis.at\/index.php\/impressum\/","title":{"rendered":"Impressum"},"content":{"rendered":"\t\t<div data-elementor-type=\"wp-page\" data-elementor-id=\"11212\" class=\"elementor elementor-11212\">\n\t\t\t\t\t\t<section class=\"elementor-section elementor-top-section elementor-element elementor-element-0ef98d5 elementor-section-boxed elementor-section-height-default elementor-section-height-default\" data-id=\"0ef98d5\" data-element_type=\"section\">\n\t\t\t\t\t\t<div class=\"elementor-container elementor-column-gap-default\">\n\t\t\t\t\t<div class=\"elementor-column elementor-col-100 elementor-top-column elementor-element elementor-element-3a7a938\" data-id=\"3a7a938\" data-element_type=\"column\">\n\t\t\t<div class=\"elementor-widget-wrap elementor-element-populated\">\n\t\t\t\t\t\t<div class=\"elementor-element elementor-element-61784d6 elementor-widget elementor-widget-html\" data-id=\"61784d6\" data-element_type=\"widget\" data-widget_type=\"html.default\">\n\t\t\t\t<div class=\"elementor-widget-container\">\n\t\t\t\t\t<h1>Impressum<\/h1>\r\r<p>Dominik Holzweber<br \/>\rFreiwillige Feuerwehr<br \/>\rHeidenreichsteinerstra&szlig;e, 26<br \/>\r3902 Vitis<\/p>\r\r<h2>Kontakt<\/h2>\r<p>Telefon: +43 664 8756464<br \/>\rE-Mail: dominik.holzweber@feuerwehr.gv.at<\/p>\r\r<h2>Redaktionell verantwortlich<\/h2>\r<p>Freiwillige Feuerwehr Vitis<br \/>\rHeidenreichsteinerstra&szlig;e 8a<br \/>\r3902 Vitis<br \/>\rSachbearbeiter f&uuml;r &Ouml;ffentlichkeitsarbeit: Dominik Holzweber<\/p>\r\r<h2>EU-Streitschlichtung<\/h2>\r<p>Die Europ&auml;ische Kommission stellt eine Plattform zur Online-Streitbeilegung (OS) bereit: <a href=\"https:\/\/ec.europa.eu\/consumers\/odr\/\" target=\"_blank\" rel=\"noopener noreferrer\">https:\/\/ec.europa.eu\/consumers\/odr\/<\/a>.<br \/> Unsere E-Mail-Adresse finden Sie oben im Impressum.<\/p>\r\r<h2>Verbraucher&shy;streit&shy;beilegung\/Universal&shy;schlichtungs&shy;stelle<\/h2>\r<p>Wir sind nicht bereit oder verpflichtet, an Streitbeilegungsverfahren vor einer Verbraucherschlichtungsstelle teilzunehmen.<\/p>\r\r<p>Quelle: <a href=\"https:\/\/www.e-recht24.de\">eRecht24<\/a><\/p>\t\t\t\t<\/div>\n\t\t\t\t<\/div>\n\t\t\t\t\t<\/div>\n\t\t<\/div>\n\t\t\t\t\t<\/div>\n\t\t<\/section>\n\t\t\t\t<\/div>\n\t\t","protected":false},"excerpt":{"rendered":"<p>Impressum Dominik Holzweber Freiwillige Feuerwehr Heidenreichsteinerstra\u00dfe, 26 3902 Vitis Kontakt Telefon: +43 664 8756464 E-Mail: dominik.holzweber@feuerwehr.gv.at Redaktionell verantwortlich Freiwillige Feuerwehr Vitis Heidenreichsteinerstra\u00dfe 8a 3902 Vitis Sachbearbeiter f\u00fcr \u00d6ffentlichkeitsarbeit: Dominik Holzweber EU-Streitschlichtung Die Europ\u00e4ische Kommission stellt eine Plattform zur Online-Streitbeilegung (OS) bereit: https:\/\/ec.europa.eu\/consumers\/odr\/. Unsere E-Mail-Adresse finden Sie oben im Impressum. Verbraucher\u00adstreit\u00adbeilegung\/Universal\u00adschlichtungs\u00adstelle Wir sind nicht bereit oder&#8230;<\/p>\n","protected":false},"author":1,"featured_media":0,"parent":0,"menu_order":0,"comment_status":"closed","ping_status":"closed","template":"","meta":{"_tbt_post_transparent":"default","_tbt_post_title":"hide","_tbt_post_layout":"fullwidth","_tbt_post_sidebar_id":"","_tbt_post_content_style":"unboxed","_tbt_post_vertical_padding":"hide","_tbt_post_feature":"hide","_tbt_post_feature_position":"","_tbt_post_header":false,"_tbt_post_footer":false},"class_list":["post-11212","page","type-page","status-publish","hentry"],"_links":{"self":[{"href":"https:\/\/ff-vitis.at\/index.php\/wp-json\/wp\/v2\/pages\/11212","targetHints":{"allow":["GET"]}}],"collection":[{"href":"https:\/\/ff-vitis.at\/index.php\/wp-json\/wp\/v2\/pages"}],"about":[{"href":"https:\/\/ff-vitis.at\/index.php\/wp-json\/wp\/v2\/types\/page"}],"author":[{"embeddable":true,"href":"https:\/\/ff-vitis.at\/index.php\/wp-json\/wp\/v2\/users\/1"}],"replies":[{"embeddable":true,"href":"https:\/\/ff-vitis.at\/index.php\/wp-json\/wp\/v2\/comments?post=11212"}],"version-history":[{"count":5,"href":"https:\/\/ff-vitis.at\/index.php\/wp-json\/wp\/v2\/pages\/11212\/revisions"}],"predecessor-version":[{"id":11276,"href":"https:\/\/ff-vitis.at\/index.php\/wp-json\/wp\/v2\/pages\/11212\/revisions\/11276"}],"wp:attachment":[{"href":"https:\/\/ff-vitis.at\/index.php\/wp-json\/wp\/v2\/media?parent=11212"}],"curies":[{"name":"wp","href":"https:\/\/api.w.org\/{rel}","templated":true}]}}